{"id":2,"date":"2021-11-02T07:25:25","date_gmt":"2021-11-02T07:25:25","guid":{"rendered":"http:\/\/dsgrupmuhendislik.com\/?page_id=2"},"modified":"2021-11-02T10:03:04","modified_gmt":"2021-11-02T10:03:04","slug":"sample-page","status":"publish","type":"page","link":"http:\/\/dsgrupmuhendislik.com\/","title":{"rendered":"AnaSayfa"},"content":{"rendered":"<p>[vc_row type=&#8221;full-width-section&#8221; full_height=&#8221;yes&#8221; columns_placement=&#8221;top&#8221; css=&#8221;.vc_custom_1635846749174{margin-bottom: 0px !important;border-bottom-width: 0px !important;padding-bottom: 0px !important;background-image: url(http:\/\/dsgrupmuhendislik.com\/wp-content\/uploads\/2021\/11\/highway-2025863-scaled.jpg?id=58) !important;background-position: center !important;background-repeat: no-repeat !important;background-size: cover !important;}&#8221;][vc_column width=&#8221;1\/3&#8243;][vc_custom_heading text=&#8221;&#8221; font_container=&#8221;tag:h1|font_size:32|text_align:center|color:%23ffffff&#8221; google_fonts=&#8221;font_family:Comfortaa%3A300%2Cregular%2C700|font_style:700%20bold%20regular%3A700%3Anormal&#8221; css=&#8221;.vc_custom_1635845725101{margin-top: 0px !important;border-top-width: 0px !important;}&#8221;][vc_row_inner][vc_column_inner][\/vc_column_inner][\/vc_row_inner][\/vc_column][vc_column width=&#8221;1\/3&#8243;][vc_custom_heading text=&#8221;DS Grup M\u00fchendislik&#8221; font_container=&#8221;tag:h1|font_size:32|text_align:center|color:%23ffffff&#8221; google_fonts=&#8221;font_family:Comfortaa%3A300%2Cregular%2C700|font_style:700%20bold%20regular%3A700%3Anormal&#8221; css=&#8221;.vc_custom_1635844472859{margin-top: 0px !important;border-top-width: 0px !important;}&#8221;][vc_row_inner][vc_column_inner][\/vc_column_inner][\/vc_row_inner][\/vc_column][vc_column width=&#8221;1\/3&#8243;][vc_custom_heading text=&#8221;&#8221; font_container=&#8221;tag:h1|font_size:32|text_align:center|color:%23ffffff&#8221; google_fonts=&#8221;font_family:Comfortaa%3A300%2Cregular%2C700|font_style:700%20bold%20regular%3A700%3Anormal&#8221; css=&#8221;.vc_custom_1635845727837{margin-top: 0px !important;border-top-width: 0px !important;}&#8221;][vc_row_inner][vc_column_inner][\/vc_column_inner][\/vc_row_inner][\/vc_column][vc_column width=&#8221;1\/5&#8243;]<style type=\"text\/css\" >#rand_dh69twu35viefb7mey14 {margin-top:0px; margin-bottom:0px; }<\/style><style type=\"text\/css\" >#rand_dh69twu35viefb7mey14 {padding-left:0; padding-right:0; }<\/style><style type=\"text\/css\" >#rand_dh69twu35viefb7mey14 .icon_circle{color:#fff; background:#315c7b;}#rand_dh69twu35viefb7mey14:hover .icon_circle i{color:#fff !important;}#rand_dh69twu35viefb7mey14 h3:after{background:#ffffff}<\/style> <style type='text\/css'> @font-face{font-family: 'ion'; src:url('http:\/\/dsgrupmuhendislik.com\/wp-content\/themes\/thefox\/includes\/4k-icons\/icons\/4k-icons-pack03\/icons\/fonts\/ion.eot'); src:url('http:\/\/dsgrupmuhendislik.com\/wp-content\/themes\/thefox\/includes\/4k-icons\/icons\/4k-icons-pack03\/icons\/fonts\/ion.eot?#iefix') format('embedded-opentype'), url('http:\/\/dsgrupmuhendislik.com\/wp-content\/themes\/thefox\/includes\/4k-icons\/icons\/4k-icons-pack03\/icons\/fonts\/ion.woff') format('woff'), url('http:\/\/dsgrupmuhendislik.com\/wp-content\/themes\/thefox\/includes\/4k-icons\/icons\/4k-icons-pack03\/icons\/fonts\/ion.ttf') format('truetype'), url('http:\/\/dsgrupmuhendislik.com\/wp-content\/themes\/thefox\/includes\/4k-icons\/icons\/4k-icons-pack03\/icons\/fonts\/ion.svg#oi') format('svg'); font-weight: normal; font-style: normal;}#rand_dh69twu35viefb7mey14 .ion-person:before{font-family: 'ion'; font-weight: normal; font-style: normal;}#rand_dh69twu35viefb7mey14 .ion-person:before{content: \"\\e9a7\";}<\/style>\n<style type=\"text\/css\" >#rand_dh69twu35viefb7mey14 .icon_circle{ background: #315c7b; background: -moz-linear-gradient(135deg, #315c7b 0%, #001b34 100%); background: -webkit-gradient(linear, left top, right bottom, color-stop(0%,#315c7b), color-stop(100%,#001b34)); background: -webkit-linear-gradient(135deg, #315c7b 0%,#001b34 100%); background: -o-linear-gradient(135deg, #315c7b 0%,#001b34 100%); background: -ms-linear-gradient(135deg, #315c7b 0%,#001b34 100%); background: linear-gradient(135deg, #315c7b 0%,#001b34 100%);}<\/style><div id=\"rand_dh69twu35viefb7mey14\" class=\"icon_box2_big_cg \"><div class=\"icon_circle\"><div class=\"icon_sub_ctn\"><i class=\"ion-person\" ><\/i><\/div><\/div><h3 style=\"color:#ffffff;\" ><\/h3><p style=\"color:#ffffff;\" ><\/p><\/div>[vc_custom_heading text=&#8221;DANI\u015eMANLIK&#8221; font_container=&#8221;tag:h4|text_align:center|color:%23ffffff&#8221; google_fonts=&#8221;font_family:Comfortaa%3A300%2Cregular%2C700|font_style:700%20bold%20regular%3A700%3Anormal&#8221;][vc_custom_heading text=&#8221;Veri Merkezi projelendirme, kurulum, idamesi ve bak\u0131m konular\u0131nda UPTIME INSTITUTE standartlar\u0131nda dan\u0131\u015fmanl\u0131k hizmeti vermekteyiz.&#8221; font_container=&#8221;tag:h6|text_align:center|color:%23ffffff&#8221; google_fonts=&#8221;font_family:Comfortaa%3A300%2Cregular%2C700|font_style:700%20bold%20regular%3A700%3Anormal&#8221;][\/vc_column][vc_column width=&#8221;1\/5&#8243;][vc_row_inner][vc_column_inner][\/vc_column_inner][\/vc_row_inner][\/vc_column][vc_column width=&#8221;1\/5&#8243;]<style type=\"text\/css\" >#rand_37mod636ypfhvzctatk5 {margin-top:0px; margin-bottom:0px; }<\/style><style type=\"text\/css\" >#rand_37mod636ypfhvzctatk5 {padding-left:0; padding-right:0; }<\/style><style type=\"text\/css\" >#rand_37mod636ypfhvzctatk5 .icon_circle{color:#fff; background:#213a50;}#rand_37mod636ypfhvzctatk5:hover .icon_circle i{color:#fff !important;}#rand_37mod636ypfhvzctatk5 h3:after{background:#ffffff}<\/style> <style type='text\/css'> @font-face{font-family: 'ion'; src:url('http:\/\/dsgrupmuhendislik.com\/wp-content\/themes\/thefox\/includes\/4k-icons\/icons\/4k-icons-pack03\/icons\/fonts\/ion.eot'); src:url('http:\/\/dsgrupmuhendislik.com\/wp-content\/themes\/thefox\/includes\/4k-icons\/icons\/4k-icons-pack03\/icons\/fonts\/ion.eot?#iefix') format('embedded-opentype'), url('http:\/\/dsgrupmuhendislik.com\/wp-content\/themes\/thefox\/includes\/4k-icons\/icons\/4k-icons-pack03\/icons\/fonts\/ion.woff') format('woff'), url('http:\/\/dsgrupmuhendislik.com\/wp-content\/themes\/thefox\/includes\/4k-icons\/icons\/4k-icons-pack03\/icons\/fonts\/ion.ttf') format('truetype'), url('http:\/\/dsgrupmuhendislik.com\/wp-content\/themes\/thefox\/includes\/4k-icons\/icons\/4k-icons-pack03\/icons\/fonts\/ion.svg#oi') format('svg'); font-weight: normal; font-style: normal;}#rand_37mod636ypfhvzctatk5 .ion-person:before{font-family: 'ion'; font-weight: normal; font-style: normal;}#rand_37mod636ypfhvzctatk5 .ion-person:before{content: \"\\e9a7\";}<\/style>\n<style type=\"text\/css\" >#rand_37mod636ypfhvzctatk5 .icon_circle{ background: #213a50; background: -moz-linear-gradient(135deg, #213a50 0%, #000509 100%); background: -webkit-gradient(linear, left top, right bottom, color-stop(0%,#213a50), color-stop(100%,#000509)); background: -webkit-linear-gradient(135deg, #213a50 0%,#000509 100%); background: -o-linear-gradient(135deg, #213a50 0%,#000509 100%); background: -ms-linear-gradient(135deg, #213a50 0%,#000509 100%); background: linear-gradient(135deg, #213a50 0%,#000509 100%);}<\/style><div id=\"rand_37mod636ypfhvzctatk5\" class=\"icon_box2_big_cg \"><div class=\"icon_circle\"><div class=\"icon_sub_ctn\"><i class=\"ion-person\" ><\/i><\/div><\/div><h3 style=\"color:#ffffff;\" ><\/h3><p style=\"color:#ffffff;\" ><\/p><\/div>[vc_custom_heading text=&#8221;DANI\u015eMANLIK&#8221; font_container=&#8221;tag:h4|text_align:center|color:%23ffffff&#8221; google_fonts=&#8221;font_family:Comfortaa%3A300%2Cregular%2C700|font_style:700%20bold%20regular%3A700%3Anormal&#8221;][vc_custom_heading text=&#8221;Veri Merkezi projelendirme, kurulum, idamesi ve bak\u0131m konular\u0131nda UPTIME INSTITUTE standartlar\u0131nda dan\u0131\u015fmanl\u0131k hizmeti vermekteyiz.&#8221; font_container=&#8221;tag:h6|text_align:center|color:%23ffffff&#8221; google_fonts=&#8221;font_family:Comfortaa%3A300%2Cregular%2C700|font_style:700%20bold%20regular%3A700%3Anormal&#8221;][\/vc_column][\/vc_row]<\/p>\n","protected":false},"excerpt":{"rendered":"<p>[vc_row type=&#8221;full-width-section&#8221; full_height=&#8221;yes&#8221; columns_placement=&#8221;top&#8221; css=&#8221;.vc_custom_1635846749174{margin-bottom: 0px !important;border-bottom-width: 0px !important;padding-bottom: 0px !important;background-image: url(http:\/\/dsgrupmuhendislik.com\/wp-content\/uploads\/2021\/11\/highway-2025863-scaled.jpg?id=58) !important;background-position: center !important;background-repeat: no-repeat !important;background-size: cover !important;}&#8221;][vc_column width=&#8221;1\/3&#8243;][vc_custom_heading text=&#8221;&#8221; font_container=&#8221;tag:h1|font_size:32|text_align:center|color:%23ffffff&#8221; google_fonts=&#8221;font_family:Comfortaa%3A300%2Cregular%2C700|font_style:700%20bold%20regular%3A700%3Anormal&#8221; css=&#8221;.vc_custom_1635845725101{margin-top: 0px !important;border-top-width: 0px !important;}&#8221;][vc_row_inner][vc_column_inner][\/vc_column_inner][\/vc_row_inner][\/vc_column][vc_column width=&#8221;1\/3&#8243;][vc_custom_heading text=&#8221;DS Grup M\u00fchendislik&#8221; font_container=&#8221;tag:h1|font_size:32|text_align:center|color:%23ffffff&#8221; google_fonts=&#8221;font_family:Comfortaa%3A300%2Cregular%2C700|font_style:700%20bold%20regular%3A700%3Anormal&#8221; css=&#8221;.vc_custom_1635844472859{margin-top: 0px !important;border-top-width: 0px !important;}&#8221;][vc_row_inner][vc_column_inner][\/vc_column_inner][\/vc_row_inner][\/vc_column][vc_column width=&#8221;1\/3&#8243;][vc_custom_heading text=&#8221;&#8221; font_container=&#8221;tag:h1|font_size:32|text_align:center|color:%23ffffff&#8221; google_fonts=&#8221;font_family:Comfortaa%3A300%2Cregular%2C700|font_style:700%20bold%20regular%3A700%3Anormal&#8221; css=&#8221;.vc_custom_1635845727837{margin-top: 0px !important;border-top-width: 0px !important;}&#8221;][vc_row_inner][vc_column_inner][\/vc_column_inner][\/vc_row_inner][\/vc_column][vc_column width=&#8221;1\/5&#8243;] [vc_custom_heading text=&#8221;DANI\u015eMANLIK&#8221; font_container=&#8221;tag:h4|text_align:center|color:%23ffffff&#8221; google_fonts=&#8221;font_family:Comfortaa%3A300%2Cregular%2C700|font_style:700%20bold%20regular%3A700%3Anormal&#8221;][vc_custom_heading text=&#8221;Veri Merkezi<br \/><a href=\"http:\/\/dsgrupmuhendislik.com\/\" class=\"more\">Read more<\/a><\/p>\n","protected":false},"author":1,"featured_media":0,"parent":0,"menu_order":0,"comment_status":"closed","ping_status":"closed","template":"","meta":{"footnotes":""},"class_list":["post-2","page","type-page","status-publish","hentry"],"_links":{"self":[{"href":"http:\/\/dsgrupmuhendislik.com\/index.php?rest_route=\/wp\/v2\/pages\/2","targetHints":{"allow":["GET"]}}],"collection":[{"href":"http:\/\/dsgrupmuhendislik.com\/index.php?rest_route=\/wp\/v2\/pages"}],"about":[{"href":"http:\/\/dsgrupmuhendislik.com\/index.php?rest_route=\/wp\/v2\/types\/page"}],"author":[{"embeddable":true,"href":"http:\/\/dsgrupmuhendislik.com\/index.php?rest_route=\/wp\/v2\/users\/1"}],"replies":[{"embeddable":true,"href":"http:\/\/dsgrupmuhendislik.com\/index.php?rest_route=%2Fwp%2Fv2%2Fcomments&post=2"}],"version-history":[{"count":45,"href":"http:\/\/dsgrupmuhendislik.com\/index.php?rest_route=\/wp\/v2\/pages\/2\/revisions"}],"predecessor-version":[{"id":67,"href":"http:\/\/dsgrupmuhendislik.com\/index.php?rest_route=\/wp\/v2\/pages\/2\/revisions\/67"}],"wp:attachment":[{"href":"http:\/\/dsgrupmuhendislik.com\/index.php?rest_route=%2Fwp%2Fv2%2Fmedia&parent=2"}],"curies":[{"name":"wp","href":"https:\/\/api.w.org\/{rel}","templated":true}]}}