{"id":10,"date":"2021-11-02T07:48:28","date_gmt":"2021-11-02T07:48:28","guid":{"rendered":"http:\/\/dsgrupmuhendislik.com\/?page_id=10"},"modified":"2021-11-02T07:48:28","modified_gmt":"2021-11-02T07:48:28","slug":"profilim","status":"publish","type":"page","link":"http:\/\/dsgrupmuhendislik.com\/?page_id=10","title":{"rendered":"Profilim"},"content":{"rendered":"<!-- This WordPress front-end profile is built and powered by ProfilePress WordPress plugin - https:\/\/profilepress.net -->\r\n<style type=\"text\/css\">\r\n div#pp-user-profile-1.ppress-default-profile .ppress-dpf-profile-photo {width:190px;height:190px;top:-100px}div#pp-user-profile-1.ppress-default-profile {color:#666666;}div#pp-user-profile-1.ppress-default-profile .ppress-dpf-profile-nav {background:#444444;}div#pp-user-profile-1.ppress-default-profile .ppress-dpf-profile-nav-item a {color:#ffffff;}div#pp-user-profile-1.ppress-default-profile .ppress-dpf-name {color:#555555;}div#pp-user-profile-1.ppress-default-profile .ppress-dpf-profile-meta {padding-left:250px;}div#pp-user-profile-1.ppress-default-profile .ppress-dpf-profile-nav-item.ppress-dpf-active a {background:#007bff;} \r\n<\/style>        <div id=\"pp-user-profile-1\" class=\"pp-form-wrapper pp-user-profile pp-user-profile-1 ppress-default-profile\" style=\"max-width:1000px\">\n\n                <div class=\"ppress-default-profile-cover\" data-ratio=\"2.7\">\n            <div class=\"ppress-default-profile-cover-e\" data-ratio=\"2.7\">\n                <img decoding=\"async\" src=\"[profile-cover-image-url]\">\n            <\/div>\n        <\/div>\n        \n        <div class=\"ppress-dpf-header\">\n                            <div class=\"ppress-dpf-headericon\">\n                    <a href=\"http:\/\/dsgrupmuhendislik.com\/?page_id=9\" class=\"ppress-dpf-edit-a hint--bottom\" aria-label=\"Edit your profile\">\n                        <span class=\"ppress-material-icons\">settings<\/span>\n                    <\/a>\n                <\/div>\n            \n            <div class=\"ppress-dpf-profile-photo\">\n                <img loading=\"lazy\" decoding=\"async\" src=\"[profile-avatar-url]\" width=\"190\" height=\"190\">\n            <\/div>\n\n            <div class=\"ppress-dpf-profile-meta\">\n                <div class=\"ppress-dpf-main-meta\">\n\n                                            <div class=\"ppress-dpf-name\">[profile-first-name] [profile-last-name]<\/div>\n                    \n                                    <\/div>\n\n                \n                                    <div class=\"ppress-dpf-meta-text\">\n                        [profile-bio]\n                    <\/div>\n                \n            <\/div>\n\n            <div class=\"ppress-dpf-clear\"><\/div>\n\n        <\/div>\n\n        <div class=\"ppress-dpf-profile-nav\">                <div class=\"ppress-dpf-profile-nav-item ppress-dpf-nav-main ppress-dpf-active\">\n                    <a href=\"\/index.php?rest_route=%2Fwp%2Fv2%2Fpages%2F10&#038;tab=main\">\n                        <span class=\"ppress-material-icons\">person<\/span>\n                        <span class=\"ppress-dpf-nav-title\">Hakk\u0131nda<\/span>\n                    <\/a>\n                <\/div>\n                            <div class=\"ppress-dpf-profile-nav-item ppress-dpf-nav-posts\">\n                    <a href=\"\/index.php?rest_route=%2Fwp%2Fv2%2Fpages%2F10&#038;tab=posts\">\n                        <span class=\"ppress-material-icons\">create<\/span>\n                        <span class=\"ppress-dpf-nav-title\">Yaz\u0131lar<\/span>\n                    <\/a>\n                <\/div>\n                            <div class=\"ppress-dpf-profile-nav-item ppress-dpf-nav-comments\">\n                    <a href=\"\/index.php?rest_route=%2Fwp%2Fv2%2Fpages%2F10&#038;tab=comments\">\n                        <span class=\"ppress-material-icons\">comment<\/span>\n                        <span class=\"ppress-dpf-nav-title\">Yorumlar<\/span>\n                    <\/a>\n                <\/div>\n            <div class=\"ppress-dpf-clear\"><\/div><\/div>\n        <div class=\"ppress-dpf-profile-body ppdf-main\" style=\"max-width:600px\">\n                        <div class=\"ppress-dpf-profile-body-items\">\n                <div class=\"ppress-dpf-profile-body-item\"><div class=\"ppress-dpf-item-label\">Kullan\u0131c\u0131 ad\u0131n\u0131z<\/div><div class=\"ppress-dpf-item-value\">[profile-username]<\/div><\/div><div class=\"ppress-dpf-profile-body-item\"><div class=\"ppress-dpf-item-label\">E-posta adresi<\/div><div class=\"ppress-dpf-item-value\">[profile-email]<\/div><\/div><div class=\"ppress-dpf-profile-body-item\"><div class=\"ppress-dpf-item-label\">Ad\u0131n\u0131z<\/div><div class=\"ppress-dpf-item-value\">[profile-first-name]<\/div><\/div><div class=\"ppress-dpf-profile-body-item\"><div class=\"ppress-dpf-item-label\">Soyad\u0131n\u0131z<\/div><div class=\"ppress-dpf-item-value\">[profile-last-name]<\/div><\/div><div class=\"ppress-dpf-profile-body-item\"><div class=\"ppress-dpf-item-label\">\u0130nternet sitesi<\/div><div class=\"ppress-dpf-item-value\"><a href=\"[profile-website]\" rel=\"nofollow\" target=\"_blank\">[profile-website]<\/a><\/div><\/div><div class=\"ppress-dpf-profile-body-item\"><div class=\"ppress-dpf-item-label\">Biyografi<\/div><div class=\"ppress-dpf-item-value\">[profile-bio]<\/div><\/div>            <\/div>\n                    <\/div>\n        <\/div>\n\n        \r\n<!-- \/ ProfilePress WordPress plugin. -->\r\n\n","protected":false},"excerpt":{"rendered":"<p>settings [profile-first-name] [profile-last-name] [profile-bio] person Hakk\u0131nda create Yaz\u0131lar comment Yorumlar Kullan\u0131c\u0131 ad\u0131n\u0131z[profile-username]E-posta adresi[profile-email]Ad\u0131n\u0131z[profile-first-name]Soyad\u0131n\u0131z[profile-last-name]\u0130nternet sitesi[profile-website]Biyografi[profile-bio]<br \/><a href=\"http:\/\/dsgrupmuhendislik.com\/?page_id=10\" class=\"more\">Read more<\/a><\/p>\n","protected":false},"author":1,"featured_media":0,"parent":0,"menu_order":0,"comment_status":"closed","ping_status":"closed","template":"","meta":{"footnotes":""},"class_list":["post-10","page","type-page","status-publish","hentry"],"_links":{"self":[{"href":"http:\/\/dsgrupmuhendislik.com\/index.php?rest_route=\/wp\/v2\/pages\/10","targetHints":{"allow":["GET"]}}],"collection":[{"href":"http:\/\/dsgrupmuhendislik.com\/index.php?rest_route=\/wp\/v2\/pages"}],"about":[{"href":"http:\/\/dsgrupmuhendislik.com\/index.php?rest_route=\/wp\/v2\/types\/page"}],"author":[{"embeddable":true,"href":"http:\/\/dsgrupmuhendislik.com\/index.php?rest_route=\/wp\/v2\/users\/1"}],"replies":[{"embeddable":true,"href":"http:\/\/dsgrupmuhendislik.com\/index.php?rest_route=%2Fwp%2Fv2%2Fcomments&post=10"}],"version-history":[{"count":0,"href":"http:\/\/dsgrupmuhendislik.com\/index.php?rest_route=\/wp\/v2\/pages\/10\/revisions"}],"wp:attachment":[{"href":"http:\/\/dsgrupmuhendislik.com\/index.php?rest_route=%2Fwp%2Fv2%2Fmedia&parent=10"}],"curies":[{"name":"wp","href":"https:\/\/api.w.org\/{rel}","templated":true}]}}